{"id":151,"date":"2024-12-30T13:49:54","date_gmt":"2024-12-30T12:49:54","guid":{"rendered":"https:\/\/www.solveighundemanuel.ch\/?page_id=151"},"modified":"2026-03-26T11:31:46","modified_gmt":"2026-03-26T10:31:46","slug":"ablauf","status":"publish","type":"page","link":"https:\/\/www.solveighundemanuel.ch\/?page_id=151","title":{"rendered":"Ablauf"},"content":{"rendered":"\n<h2 class=\"wp-block-heading\">Start in St\u00e4fa<\/h2>\n\n\n\n<p>Alle, die direkt zur Kirche in R\u00fcschlikon kommen, k\u00f6nnen <a href=\"#Trauung\" data-type=\"internal\" data-id=\"#Trauung\">hier <\/a>weiterlesen.<\/p>\n\n\n\n<p><strong>Treffpunkt<\/strong>: R\u00f6ssli St\u00e4fa, Bahnhofstrasse 1, 8712 St\u00e4fa<br><strong>Zeit<\/strong>: 12:00 Uhr. Der Car f\u00e4hrt um 12:10 Uhr, seid also p\u00fcnktlich.<\/p>\n\n\n\n<p><a href=\"https:\/\/www.solveighundemanuel.ch\/?p=55\" data-type=\"post\" data-id=\"55\" target=\"_blank\" rel=\"noreferrer noopener\">Reto <\/a>wird euch hier in Empfang nehmen.<\/p>\n\n\n\n<h3 class=\"wp-block-heading\"><a id=\"anreise\"><\/a>Anreise<\/h3>\n\n\n\n<p>Die Anreise mit dem \u00f6ffentlichen Verkehr ist kein Problem, der Bahnhof ist nur wenige Minuten vom R\u00f6ssli entfernt. F\u00fcr alle, die mit dem Auto anreisen, gibt es ein paar Parkpl\u00e4tze beim R\u00f6ssli, weiter Parkpl\u00e4tze hat es beim Parkplatz an der Harmoniestrasse.<\/p>\n\n\n\n<p><iframe loading=\"lazy\" src=\"https:\/\/www.google.com\/maps\/d\/embed?mid=1chcsXE060dv4jAsMDOyeXldUqAcP8Ng&amp;ehbc=2E312F&amp;noprof=1\" width=\"640\" height=\"480\"><\/iframe><\/p>\n\n\n\n<h2 class=\"wp-block-heading\" id=\"Trauung\">Trauung<\/h2>\n\n\n\n<p><strong>Ort<\/strong>: Evangelisch-reformierte Kirche R\u00fcschlikon, Bahnhofstrasse 41, 8803 R\u00fcschlikon<br><strong>Zeit<\/strong>: 13:30<\/p>\n\n\n\n<h3 class=\"wp-block-heading\">Anreise<\/h3>\n\n\n\n<p>Der Bahnhof ist keine 5 min von der Kirche weg. Parkpl\u00e4tze hat es nur wenige. <\/p>\n\n\n\n<p><\/p>\n\n\n\n<h2 class=\"wp-block-heading\">Ap\u00e9ro<\/h2>\n\n\n\n<p>F\u00fcr den Ap\u00e9ro gehen wir auf die LS St\u00e4fa, die uns gem\u00fctlich \u00fcber den Z\u00fcrichsee schippern wird. Wir werden ungef\u00e4hr um 17:45\u00a0Uhr am Hafen in St\u00e4fa anlegen. Dort verabschieden wir uns von unseren Ap\u00e9rog\u00e4sten. F\u00fcr die geladenen G\u00e4ste geht\u2019s weiter im Saal des R\u00f6ssli.<\/p>\n\n\n\n<figure class=\"wp-block-image size-full\"><img loading=\"lazy\" decoding=\"async\" width=\"624\" height=\"396\" src=\"https:\/\/www.solveighundemanuel.ch\/wp-content\/uploads\/2026\/03\/staefa.avif\" alt=\"\" class=\"wp-image-436\" srcset=\"https:\/\/www.solveighundemanuel.ch\/wp-content\/uploads\/2026\/03\/staefa.avif 624w, https:\/\/www.solveighundemanuel.ch\/wp-content\/uploads\/2026\/03\/staefa-300x190.jpg 300w\" sizes=\"auto, (max-width: 624px) 100vw, 624px\" \/><\/figure>\n\n\n\n<h2 class=\"wp-block-heading\">Abendessen<\/h2>\n\n\n\n<p>Im legend\u00e4ren R\u00f6sslisaal geht es f\u00fcr alle geladenen G\u00e4ste weiter mit leckerem Essen aus der R\u00f6sslik\u00fcche. Sp\u00e4ter am Abend wird auch noch die 10i Bar aufgehen. F\u00fcr das Fest am Abend ist <a href=\"https:\/\/www.solveighundemanuel.ch\/?p=55\" data-type=\"post\" data-id=\"55\" target=\"_blank\" rel=\"noreferrer noopener\">Reto <\/a>euer Ansprechpartner.<\/p>\n\n\n\n<p><strong>Schluss<\/strong>: 24:00 Uhr<\/p>\n\n\n\n<p><\/p>\n\n\n\n<p><iframe loading=\"lazy\" src=\"https:\/\/www.google.com\/maps\/d\/embed?mid=1guquE0MpepyRWmuFaN6xeBEqVe-OInc&amp;ehbc=2E312F&amp;noprof=1\" width=\"640\" height=\"480\"><\/iframe><\/p>\n","protected":false},"excerpt":{"rendered":"<p>Start in St\u00e4fa Alle, die direkt zur Kirche in R\u00fcschlikon kommen, k\u00f6nnen hier weiterlesen. Treffpunkt: R\u00f6ssli St\u00e4fa, Bahnhofstrasse 1, 8712 St\u00e4faZeit: 12:00 Uhr. Der Car f\u00e4hrt um 12:10 Uhr, seid<\/p>\n<p class=\"more-link\"><a href=\"https:\/\/www.solveighundemanuel.ch\/?page_id=151\" class=\"readmore\">Continue reading<svg class=\"icon icon-arrow-right\" aria-hidden=\"true\" role=\"img\"> <use href=\"#icon-arrow-right\" xlink:href=\"#icon-arrow-right\"><\/use> <\/svg><span class=\"screen-reader-text\">Ablauf<\/span><\/a><\/p>\n","protected":false},"author":1,"featured_media":0,"parent":0,"menu_order":0,"comment_status":"closed","ping_status":"closed","template":"templates\/full-width-page.php","meta":{"footnotes":""},"class_list":["post-151","page","type-page","status-publish","hentry"],"_links":{"self":[{"href":"https:\/\/www.solveighundemanuel.ch\/index.php?rest_route=\/wp\/v2\/pages\/151","targetHints":{"allow":["GET"]}}],"collection":[{"href":"https:\/\/www.solveighundemanuel.ch\/index.php?rest_route=\/wp\/v2\/pages"}],"about":[{"href":"https:\/\/www.solveighundemanuel.ch\/index.php?rest_route=\/wp\/v2\/types\/page"}],"author":[{"embeddable":true,"href":"https:\/\/www.solveighundemanuel.ch\/index.php?rest_route=\/wp\/v2\/users\/1"}],"replies":[{"embeddable":true,"href":"https:\/\/www.solveighundemanuel.ch\/index.php?rest_route=%2Fwp%2Fv2%2Fcomments&post=151"}],"version-history":[{"count":9,"href":"https:\/\/www.solveighundemanuel.ch\/index.php?rest_route=\/wp\/v2\/pages\/151\/revisions"}],"predecessor-version":[{"id":439,"href":"https:\/\/www.solveighundemanuel.ch\/index.php?rest_route=\/wp\/v2\/pages\/151\/revisions\/439"}],"wp:attachment":[{"href":"https:\/\/www.solveighundemanuel.ch\/index.php?rest_route=%2Fwp%2Fv2%2Fmedia&parent=151"}],"curies":[{"name":"wp","href":"https:\/\/api.w.org\/{rel}","templated":true}]}}